{"id":882,"date":"2018-08-29T21:52:24","date_gmt":"2018-08-30T00:52:24","guid":{"rendered":"https:\/\/isfd62-bue.infd.edu.ar\/sitio\/calendario-academico\/"},"modified":"2019-06-17T09:02:13","modified_gmt":"2019-06-17T12:02:13","slug":"programas-pfsog-2019","status":"publish","type":"page","link":"https:\/\/isfd62-bue.infd.edu.ar\/sitio\/programas-pfsog-2019\/","title":{"rendered":"Programas 2019"},"content":{"rendered":"<p><strong>PROFESORADO EDUCACI\u00d3N SECUNDARIA EN GEOGRAF\u00cdA<\/strong><\/p>\n<p><a href=\"https:\/\/drive.google.com\/open?id=0B_yiqqGPRtZJenp2dnlhVXVsc212dEVjWnZQNEQyUGFDMnJN\">Perspectiva Filos\u00f3fico-Pedag\u00f3gica I<\/a><\/p>\n<p>Persp. Pedag\u00f3gico-Did\u00e1ctica I<\/p>\n<p>Psicolog\u00eda y Cultura en la Educaci\u00f3n<\/p>\n<p>Persp. Socio-Pol\u00edtica<\/p>\n<p><a href=\"https:\/\/drive.google.com\/open?id=0B_yiqqGPRtZJbm5jMW9sczl3T2VBSDdZbkRWX1B6ODBmdVp3\">Persp. Espacio-Temporal Argentina y Am\u00e9rica<\/a><\/p>\n<p>Persp. Espacio-Temporal Mundial<\/p>\n<p>Antropolog\u00eda<\/p>\n<p>Integraci\u00f3n Areal I<\/p>\n<p>Espacio de la Pr\u00e1ctica Docente I<\/p>\n","protected":false},"excerpt":{"rendered":"<p>PROFESORADO EDUCACI\u00d3N SECUNDARIA EN GEOGRAF\u00cdA Perspectiva Filos\u00f3fico-Pedag\u00f3gica I Persp. Pedag\u00f3gico-Did\u00e1ctica I Psicolog\u00eda y Cultura en la Educaci\u00f3n Persp. Socio-Pol\u00edtica Persp. Espacio-Temporal Argentina y Am\u00e9rica Persp. Espacio-Temporal Mundial Antropolog\u00eda Integraci\u00f3n Areal I Espacio de la Pr\u00e1ctica Docente I<\/p>\n","protected":false},"author":41,"featured_media":0,"parent":0,"menu_order":0,"comment_status":"closed","ping_status":"closed","template":"","meta":[],"acf":[],"_links":{"self":[{"href":"https:\/\/isfd62-bue.infd.edu.ar\/sitio\/wp-json\/wp\/v2\/pages\/882"}],"collection":[{"href":"https:\/\/isfd62-bue.infd.edu.ar\/sitio\/wp-json\/wp\/v2\/pages"}],"about":[{"href":"https:\/\/isfd62-bue.infd.edu.ar\/sitio\/wp-json\/wp\/v2\/types\/page"}],"author":[{"embeddable":true,"href":"https:\/\/isfd62-bue.infd.edu.ar\/sitio\/wp-json\/wp\/v2\/users\/41"}],"replies":[{"embeddable":true,"href":"https:\/\/isfd62-bue.infd.edu.ar\/sitio\/wp-json\/wp\/v2\/comments?post=882"}],"version-history":[{"count":3,"href":"https:\/\/isfd62-bue.infd.edu.ar\/sitio\/wp-json\/wp\/v2\/pages\/882\/revisions"}],"predecessor-version":[{"id":1121,"href":"https:\/\/isfd62-bue.infd.edu.ar\/sitio\/wp-json\/wp\/v2\/pages\/882\/revisions\/1121"}],"wp:attachment":[{"href":"https:\/\/isfd62-bue.infd.edu.ar\/sitio\/wp-json\/wp\/v2\/media?parent=882"}],"curies":[{"name":"wp","href":"https:\/\/api.w.org\/{rel}","templated":true}]}}