{"id":846,"date":"2018-08-29T21:52:12","date_gmt":"2018-08-30T00:52:12","guid":{"rendered":"https:\/\/isfd62-bue.infd.edu.ar\/sitio\/normativa\/"},"modified":"2026-04-13T19:09:53","modified_gmt":"2026-04-13T22:09:53","slug":"normativa","status":"publish","type":"page","link":"https:\/\/isfd62-bue.infd.edu.ar\/sitio\/normativa\/","title":{"rendered":"Normativa"},"content":{"rendered":"\n<p><strong>Marco Normativo de la Educaci\u00f3n Superior<\/strong><\/p>\n\n\n\n<ul>\n<li><a href=\"http:\/\/servicios.abc.gov.ar\/lainstitucion\/sistemaeducativo\/educsuperiorycapeducativa\/normativas\/documentos\/ley_de_educacionn_nacional_n26206.pdf\">Ley de Educaci\u00f3n Nacional<\/a><\/li>\n\n\n\n<li><a href=\"http:\/\/servicios.abc.gov.ar\/lainstitucion\/sistemaeducativo\/educsuperiorycapeducativa\/normativas\/documentos\/ley13688.pdf\">Ley de Educaci\u00f3n Provincial<\/a><\/li>\n\n\n\n<li><a href=\"http:\/\/servicios.abc.gov.ar\/lainstitucion\/organismos\/legalytecnicaeducativa\/normativa\/leyes\/constitucion-nacional\/leyes-nacionales\/24521_ley_de_educacion_superior.pdf\">Ley de Educaci\u00f3n Superior<\/a><\/li>\n\n\n\n<li><a href=\"http:\/\/isfd79.bue.infd.edu.ar\/sitio\/upload\/normativa2010res4042.docx\">Reglamento del Consejo Provincial de Educaci\u00f3n Superior<\/a>&nbsp;y&nbsp;<a title=\"4042\/09 Anexo I\" href=\"http:\/\/isfd79.bue.infd.edu.ar\/sitio\/upload\/Ley_4042_anexo_I.docx\" target=\"_blank\" rel=\"noopener\">Anexo<\/a><\/li>\n<\/ul>\n\n\n\n<p><strong>Documentos Institucionales<\/strong><\/p>\n\n\n\n<ul>\n<li><a href=\"https:\/\/drive.google.com\/file\/d\/1siQl6uIuhdhs2tWb8wTWMjxTZBinZWc9\/view?usp=drive_link\" data-type=\"URL\" data-id=\"https:\/\/drive.google.com\/file\/d\/1siQl6uIuhdhs2tWb8wTWMjxTZBinZWc9\/view?usp=drive_link\">R\u00e9gimen Acad\u00e9mico Marco (Provincial)<\/a><\/li>\n\n\n\n<li><a href=\"https:\/\/drive.google.com\/file\/d\/1rrSgLV_noctZ2HBF34mYncpSnPwUxfHB\/view?usp=drive_link\" data-type=\"URL\" data-id=\"https:\/\/drive.google.com\/file\/d\/1rrSgLV_noctZ2HBF34mYncpSnPwUxfHB\/view?usp=drive_link\">R\u00e9gimen Acad\u00e9mico Institucional (2025)<\/a><\/li>\n\n\n\n<li><a href=\"https:\/\/docs.google.com\/document\/d\/1SeT4gTrWf_YQAg8jQBq5gBTRQbd6RjiB4FQph34P8yM\/edit?usp=share_link\">Objetivos Institucionales 2023<\/a><\/li>\n\n\n\n<li><a href=\"https:\/\/drive.google.com\/file\/d\/1m3voet1qfBov6DqnJRArbja_aDc2cYP0\/view?usp=share_link\">Acuerdo Institucional de Convivencia<\/a><\/li>\n\n\n\n<li><a href=\"https:\/\/drive.google.com\/file\/d\/1KGtylmGq2WOLAoep3DbPxANJDZzpwkB5\/view?usp=sharing\">Proyecto Institucional de ESI<\/a><\/li>\n\n\n\n<li><a href=\"https:\/\/docs.google.com\/document\/d\/1OSbnLcX4tetXLVlCVqP-ClEKxe8uXqy1\/edit?usp=share_link&amp;ouid=110429141671215646963&amp;rtpof=true&amp;sd=true\">Reglamento de Pr\u00e1cticas Docentes y Profesionales<\/a><\/li>\n<\/ul>\n\n\n\n<p><strong>Concursos de C\u00e1tedra<\/strong><\/p>\n\n\n\n<ul>\n<li><a rel=\"noreferrer noopener\" href=\"https:\/\/drive.google.com\/file\/d\/1j_dTWaPysU6DolCASzBDqme1vo7pY9de\/view?usp=drive_link\" target=\"_blank\">Resoluci\u00f3n de Concursos 6179\/25<\/a><\/li>\n\n\n\n<li><a href=\"https:\/\/drive.google.com\/file\/d\/1rI4rUEmK2ZKXAti9E-MJ7mnvE1Li-x-k\/view?usp=sharing\" data-type=\"URL\" data-id=\"https:\/\/drive.google.com\/file\/d\/1rI4rUEmK2ZKXAti9E-MJ7mnvE1Li-x-k\/view?usp=sharing\">Planilla de Inscripci\u00f3n y Declaraciones Juradas<\/a><\/li>\n\n\n\n<li><a href=\"https:\/\/drive.google.com\/file\/d\/1t_6egKHyBd-RscGQyuCbkknfk7ZVwpEY\/view?usp=drive_link\">Pautas para la confecci\u00f3n de Proyectos de C\u00e1tedra<\/a><\/li>\n\n\n\n<li><a href=\"https:\/\/docs.google.com\/presentation\/d\/1F82BK5hiiwOvDhhkqA68XOljE-3PH2MY\/edit?usp=drive_link&amp;ouid=110429141671215646963&amp;rtpof=true&amp;sd=true\">Tutorial para concursos (CIIE e ISFDyT 62)<\/a><\/li>\n\n\n\n<li><a href=\"https:\/\/docs.google.com\/document\/d\/1W_vH-BcDcnQoy8HTWzl3Bc5jYN14r1BJ2htaLjawBfU\/edit?usp=drive_link\">Instrumento de Evaluaci\u00f3n de Clase P\u00fablica<\/a> (Anexo 3 2.1)<\/li>\n\n\n\n<li><a href=\"https:\/\/docs.google.com\/document\/d\/14D1Xw8xeH5O8FvIw2ZsnlV9TSQyMNtfiFjz4XMEk6ig\/edit?usp=drive_link\">Instrumento de Evaluaci\u00f3n de Entrevista<\/a> (Anexo 3 3.1)<\/li>\n\n\n\n<li><a href=\"https:\/\/drive.google.com\/open?id=1PQrX3ZZtFjfzFJ6sqJebv89pTDJHP-9K\">Constancia de participaci\u00f3n en Concurso para ASPIRANTES<\/a><\/li>\n\n\n\n<li><a href=\"https:\/\/drive.google.com\/file\/d\/1mRhYbKvxV4coLi1W5jp6D1AyRFDbBzQP\/view?usp=sharing\" data-type=\"URL\" data-id=\"https:\/\/drive.google.com\/file\/d\/1mRhYbKvxV4coLi1W5jp6D1AyRFDbBzQP\/view?usp=sharing\">Constancia Concurso de Oposici\u00f3n Ganado<\/a><\/li>\n\n\n\n<li><a href=\"https:\/\/drive.google.com\/file\/d\/1VDXGBxX2Oe7gKh8GBugX65mTRK-cMlgi\/view?usp=sharing\" data-type=\"URL\" data-id=\"https:\/\/drive.google.com\/file\/d\/1VDXGBxX2Oe7gKh8GBugX65mTRK-cMlgi\/view?usp=sharing\">Certificaci\u00f3n para Aspirante<\/a><\/li>\n\n\n\n<li><a href=\"https:\/\/drive.google.com\/file\/d\/1SnfPQQ-_GOoSBnmIJiH4T1_pKe9dAqj4\/view?usp=sharing\" data-type=\"URL\" data-id=\"https:\/\/drive.google.com\/file\/d\/1SnfPQQ-_GOoSBnmIJiH4T1_pKe9dAqj4\/view?usp=sharing\">Certificaci\u00f3n para Comisi\u00f3n Evaluadora<\/a><\/li>\n\n\n\n<li><a style=\"font-size: revert;\" href=\"http:\/\/isfd79.bue.infd.edu.ar\/sitio\/upload\/AYUD_cat_resolucion3121.doc\">Resoluci\u00f3n Ayudantes de C\u00e1tedra<\/a><\/li>\n<\/ul>\n\n\n\n<p><strong><a href=\"http:\/\/servicios2.abc.gov.ar\/lainstitucion\/organismos\/consejogeneral\/default.cfm?path=tecnicatura\/default.htm\">Dise\u00f1os Curriculares<\/a> y Planes de Estudio<\/strong><\/p>\n\n\n\n<ul>\n<li><a href=\"https:\/\/drive.google.com\/file\/d\/1O7517G7eac5VLoKKBPeXu093Xpv7yyuW\/view?usp=drive_link\" data-type=\"URL\" data-id=\"https:\/\/drive.google.com\/file\/d\/1O7517G7eac5VLoKKBPeXu093Xpv7yyuW\/view?usp=drive_link\">Profesorado de Educaci\u00f3n Secundaria en Matem\u00e1tica<\/a> | <a href=\"https:\/\/drive.google.com\/file\/d\/1gOXPhogaXnh_4pBPAsPLmswiu4MFd4-H\/view?usp=sharing\" data-type=\"URL\" data-id=\"https:\/\/drive.google.com\/file\/d\/1gOXPhogaXnh_4pBPAsPLmswiu4MFd4-H\/view?usp=sharing\">Plan de Estudios<\/a><\/li>\n\n\n\n<li><a href=\"https:\/\/drive.google.com\/file\/d\/1dgutlrWbNd8i1zqaGoIoufS0xBXvLycd\/view?usp=drive_link\" data-type=\"URL\" data-id=\"https:\/\/drive.google.com\/file\/d\/1dgutlrWbNd8i1zqaGoIoufS0xBXvLycd\/view?usp=drive_link\">Tecnicatura Superior en Psicopedagog\u00eda<\/a>  | <a href=\"https:\/\/drive.google.com\/file\/d\/1gOXPhogaXnh_4pBPAsPLmswiu4MFd4-H\/view?usp=sharing\" data-type=\"URL\" data-id=\"https:\/\/drive.google.com\/file\/d\/1gOXPhogaXnh_4pBPAsPLmswiu4MFd4-H\/view?usp=sharing\">Plan de Estudios<\/a><\/li>\n\n\n\n<li><a href=\"https:\/\/drive.google.com\/file\/d\/1-oE8TkKLFisQ_ru2FF0QMisHzljX_sd0\/view?usp=drive_link\" data-type=\"URL\" data-id=\"https:\/\/drive.google.com\/file\/d\/1-oE8TkKLFisQ_ru2FF0QMisHzljX_sd0\/view?usp=drive_link\">Tecnicatura Superior en Servicios Gastron\u00f3micos<\/a>  | <a href=\"https:\/\/drive.google.com\/file\/d\/1gOXPhogaXnh_4pBPAsPLmswiu4MFd4-H\/view?usp=sharing\" data-type=\"URL\" data-id=\"https:\/\/drive.google.com\/file\/d\/1gOXPhogaXnh_4pBPAsPLmswiu4MFd4-H\/view?usp=sharing\">Plan de Estudios<\/a><\/li>\n\n\n\n<li><a href=\"https:\/\/drive.google.com\/open?id=1saMvb8u7lDPTYnGvlO_jDGQTiyUuPKo6\">Profesorado de Educaci\u00f3n&nbsp;Inicial<\/a> |Plan de Estudios<\/li>\n\n\n\n<li><a href=\"https:\/\/drive.google.com\/open?id=1DaguudlHC-rwPk7dDaNdy8GIGyPZjK3X\">Tecnicatura Superior en&nbsp;Acompa\u00f1amiento Terap\u00e9utico<\/a> |Plan de Estudios<\/li>\n\n\n\n<li><a href=\"https:\/\/drive.google.com\/open?id=1saMvb8u7lDPTYnGvlO_jDGQTiyUuPKo6\">Profesorado de Educaci\u00f3n&nbsp;Primaria<\/a> |Plan de Estudios<\/li>\n\n\n\n<li><a href=\"https:\/\/drive.google.com\/file\/d\/1T00d5dy28wTXfiteNdYL51ZeBQj05x6Q\/view?usp=drive_link\">Tecnicatura Superior en Enfermer\u00eda<\/a> |Plan de Estudios<\/li>\n\n\n\n<li><a href=\"https:\/\/drive.google.com\/file\/d\/1Q5l_VG8q0RKsNkPbnHuUOLdyxBa1drkq\/view?usp=sharing\">Profesorados de Educaci\u00f3n Secundaria Biolog\u00eda (Marco General)<\/a><\/li>\n\n\n\n<li><a href=\"https:\/\/drive.google.com\/file\/d\/16V0P65zmgO_6ifQSoSj5UF2l8tKcAHdS\/view?usp=drive_link\">Profesorados de Educaci\u00f3n Secundaria Biolog\u00eda (Espec\u00edficas)<\/a><\/li>\n<\/ul>\n\n\n\n<ul>\n<li><a href=\"https:\/\/drive.google.com\/open?id=1_YdGrJxR3nDUQWO1hOBIBpPBApxmzDpZ\">Profesorado de Educaci\u00f3n Secundaria en&nbsp;Lengua y Literatura<\/a> |<a href=\"https:\/\/drive.google.com\/file\/d\/10aRbF5NYqXIhr12g7ZvNi8q_ZS76vPBn\/view?usp=sharing\">Plan de Estudios<\/a><\/li>\n\n\n\n<li><a href=\"https:\/\/drive.google.com\/file\/d\/1QrdbvN0X3vdadJn_cjbgDusHYGcibWIV\/view?usp=sharing\">Profesorado de Educaci\u00f3n Secundaria en&nbsp;Historia<\/a> |Plan de Estudios<\/li>\n\n\n\n<li><a href=\"https:\/\/drive.google.com\/file\/d\/1Q5l_VG8q0RKsNkPbnHuUOLdyxBa1drkq\/view?usp=sharing\">Profesorado de Educaci\u00f3n Secundaria en&nbsp;Geograf\u00eda<\/a> |<a href=\"https:\/\/drive.google.com\/file\/d\/1i72ITCPK3L9aGZkm_JhIihccSCZsICCE\/view?usp=sharing\">Plan de Estudios<\/a><\/li>\n\n\n\n<li><a href=\"http:\/\/servicios2.abc.gov.ar\/lainstitucion\/organismos\/consejogeneral\/disenioscurriculares\/documentosdescarga\/res1009-09_educ_especial.pdf\">Profesorado de Educaci\u00f3n&nbsp;Especial<\/a> |<a href=\"https:\/\/drive.google.com\/file\/d\/1MMDId--ygVkQrpoZ9nsMhvsJveVz-pBA\/view?usp=sharing\">Plan de Estudios (Neuromotores)<\/a><\/li>\n\n\n\n<li><a href=\"https:\/\/drive.google.com\/open?id=12v76h5lFNFjhxoL3vAAjqbEASk-c8oVq\">Profesorado de Educaci\u00f3n&nbsp;F\u00edsica<\/a>&nbsp;|<a href=\"https:\/\/drive.google.com\/file\/d\/1SQ8sqDKttnlWk2U8uvxp3jDH9cAzQs11\/view?usp=sharing\">Plan de Estudios<\/a><\/li>\n<\/ul>\n\n\n\n<p><strong>Salidas educativas<\/strong><\/p>\n\n\n\n<ul>\n<li><a href=\"https:\/\/docs.google.com\/document\/d\/1YGH8CKtz7lkxqwmceRIXD5PJ8cKIQsS8\/edit?usp=share_link&amp;ouid=110429141671215646963&amp;rtpof=true&amp;sd=true\">Proyecto modelo de Salida educativa<\/a><\/li>\n\n\n\n<li>Salida educativa: anexos<a href=\"https:\/\/drive.google.com\/file\/d\/1jjjMtAc8DF_NlVEDfLbtJ3fT4zpPqIFS\/view?usp=sharing\" data-type=\"URL\" data-id=\"https:\/\/drive.google.com\/file\/d\/1jjjMtAc8DF_NlVEDfLbtJ3fT4zpPqIFS\/view?usp=sharing\"> 4 y 5 (Grupo) <\/a>y <a href=\"https:\/\/drive.google.com\/file\/d\/1eqfjk5BtOqLkf6lsU5guiZh1uFGcbq7U\/view?usp=sharing\" data-type=\"URL\" data-id=\"https:\/\/drive.google.com\/file\/d\/1eqfjk5BtOqLkf6lsU5guiZh1uFGcbq7U\/view?usp=sharing\">6 y 7 (individuales)<\/a><\/li>\n<\/ul>\n\n\n\n<p><strong>Jurisdiccionales<\/strong><\/p>\n\n\n\n<ul>\n<li><a href=\"http:\/\/isfd79.bue.infd.edu.ar\/sitio\/upload\/Resolucion_4044_09.doc\">Consejo Acad\u00e9mico Institucional<\/a><strong>&nbsp;<\/strong>y&nbsp;<a title=\"4044\/09 Anexo\" href=\"http:\/\/isfd79.bue.infd.edu.ar\/sitio\/upload\/Resolucion_4044_09-Anexo.doc\" target=\"_blank\" rel=\"noopener\">Anexo<\/a><\/li>\n\n\n\n<li><a href=\"https:\/\/drive.google.com\/open?id=1QVIMJkDmvF9c6RrBTJFCnGBaU6itfZoL\">Lineamientos Curriculares de la Educaci\u00f3n Sexual Integral<\/a><\/li>\n<\/ul>\n\n\n\n<p><strong><strong><a href=\"https:\/\/drive.google.com\/open?id=1YBslBg59O6KaZm78nd0vgf4d-q1jYMNz\">Manual de Procedimientos<\/a> &#8211; Alumnos<\/strong><\/strong><\/p>\n\n\n\n<ul>\n<li><a href=\"https:\/\/drive.google.com\/open?id=1-MPiPoMnaSm8oVsuwVs_GUWy2cLAylD4\">Constancia de Alumno Regular<\/a><\/li>\n\n\n\n<li><a href=\"https:\/\/drive.google.com\/open?id=1UtC_3kWXKglQabc3kZZVm8ACr9XOH2n1\">Constancia de T\u00edtulo en Tr\u00e1mite<\/a><\/li>\n\n\n\n<li>Equivalencia: <a href=\"https:\/\/drive.google.com\/open?id=1dQpynemqOuI19dVhhbPA02RApBzU6ZZw\">Planilla Resumen<\/a> y <a href=\"https:\/\/drive.google.com\/open?id=1Iejvk0ubFPs1VD2J52jZJkD6c4fD6O7H\">Planilla por asignatura<\/a><\/li>\n<\/ul>\n\n\n\n<p><strong><strong><a href=\"https:\/\/drive.google.com\/open?id=1YBslBg59O6KaZm78nd0vgf4d-q1jYMNz\">Manual de Procedimientos<\/a> &#8211; Docentes<\/strong><\/strong><\/p>\n\n\n\n<ul>\n<li><a href=\"https:\/\/drive.google.com\/open?id=1EVTYIWISRqC6qG9wdKe0EIQk8ndX3gt8\">Certificaci\u00f3n de Servicios<\/a><\/li>\n\n\n\n<li><a href=\"https:\/\/drive.google.com\/open?id=1DBnaTRGRAzV0GcSPl9dixChiI8NuZ47q\">Constancia Mesa examinadora<\/a><\/li>\n\n\n\n<li><a href=\"https:\/\/drive.google.com\/open?id=1gJmqfbmSXLlinEZSchte0o9k1hQUgZwT\">Declaraci\u00f3n Jurada de horarios<\/a><\/li>\n<\/ul>\n","protected":false},"excerpt":{"rendered":"<p>Marco Normativo de la Educaci\u00f3n Superior Documentos Institucionales Concursos de C\u00e1tedra Dise\u00f1os Curriculares y Planes de Estudio Salidas educativas Jurisdiccionales Manual de Procedimientos &#8211; Alumnos Manual de Procedimientos &#8211; Docentes<\/p>\n","protected":false},"author":41,"featured_media":0,"parent":0,"menu_order":0,"comment_status":"closed","ping_status":"closed","template":"","meta":[],"acf":[],"_links":{"self":[{"href":"https:\/\/isfd62-bue.infd.edu.ar\/sitio\/wp-json\/wp\/v2\/pages\/846"}],"collection":[{"href":"https:\/\/isfd62-bue.infd.edu.ar\/sitio\/wp-json\/wp\/v2\/pages"}],"about":[{"href":"https:\/\/isfd62-bue.infd.edu.ar\/sitio\/wp-json\/wp\/v2\/types\/page"}],"author":[{"embeddable":true,"href":"https:\/\/isfd62-bue.infd.edu.ar\/sitio\/wp-json\/wp\/v2\/users\/41"}],"replies":[{"embeddable":true,"href":"https:\/\/isfd62-bue.infd.edu.ar\/sitio\/wp-json\/wp\/v2\/comments?post=846"}],"version-history":[{"count":21,"href":"https:\/\/isfd62-bue.infd.edu.ar\/sitio\/wp-json\/wp\/v2\/pages\/846\/revisions"}],"predecessor-version":[{"id":1244,"href":"https:\/\/isfd62-bue.infd.edu.ar\/sitio\/wp-json\/wp\/v2\/pages\/846\/revisions\/1244"}],"wp:attachment":[{"href":"https:\/\/isfd62-bue.infd.edu.ar\/sitio\/wp-json\/wp\/v2\/media?parent=846"}],"curies":[{"name":"wp","href":"https:\/\/api.w.org\/{rel}","templated":true}]}}